{"id":530,"date":"2016-02-11T14:00:46","date_gmt":"2016-02-11T13:00:46","guid":{"rendered":"http:\/\/www.saengerkranz-alfdorf.de\/?page_id=530"},"modified":"2020-05-25T20:32:41","modified_gmt":"2020-05-25T18:32:41","slug":"geschichte","status":"publish","type":"page","link":"https:\/\/www.saengerkranz-alfdorf.de\/?page_id=530","title":{"rendered":"Geschichte"},"content":{"rendered":"<h1 style=\"text-align: center;\"><em><span style=\"color: #0000ff;\">Willkommen bei <\/span><\/em><\/h1>\n<h1 style=\"text-align: center;\"><em><span style=\"color: #0000ff;\">unserer <\/span><\/em><\/h1>\n<h1 style=\"text-align: center;\"><em><span style=\"color: #0000ff;\">Vereinsgeschichte<\/span><\/em><\/h1>\n<p style=\"text-align: left;\">Schon zwischen 1830 und 1840 gab es in Alfdorf zwei lose Gesangsgruppen, die eine von \u00e4lteren und die andere von j\u00fcngeren M\u00e4nnern. Beide vereinigten\u00a0 sich schlie\u00dflich zum S\u00e4ngerkranz Alfdorf, den sie am 18. Januar 1858 gr\u00fcndeten.<\/p>\n<p style=\"text-align: center;\"><em><strong>&#8222;Es haben wack&#8217;re M\u00e4nner zusammen sich getan<\/strong><\/em><\/p>\n<p style=\"text-align: center;\"><em><strong>zu singen munt&#8217;re Lieder und froh zu sto\u00dfen an&#8220;<\/strong><\/em><\/p>\n<p style=\"text-align: left;\">Damit wurde der S\u00e4ngerkranz zum ersten und \u00e4ltesten Verein Alfdorfs. Bereits 1859 trat er dem &#8222;Schw\u00e4bischen S\u00e4ngerbund&#8220; bei. Weitere f\u00fcnf Jahre sp\u00e4ter, am<\/p>\n<p style=\"text-align: left;\">9. August 1863 konnte zum ersten gro\u00dfen Fest, der Fahnenweihe, eingeladen werden.<\/p>\n<div id=\"attachment_703\" style=\"width: 310px\" class=\"wp-caption aligncenter\"><a href=\"https:\/\/www.saengerkranz-alfdorf.de\/wp-content\/uploads\/2016\/02\/Fahnenweihe-9.8.1863.jpg\" rel=\"attachment wp-att-703\"><img loading=\"lazy\" decoding=\"async\" aria-describedby=\"caption-attachment-703\" class=\"size-medium wp-image-703\" src=\"https:\/\/www.saengerkranz-alfdorf.de\/wp-content\/uploads\/2016\/02\/Fahnenweihe-9.8.1863-300x194.jpg\" alt=\"Fahnenweie am 9. August 1863\" width=\"300\" height=\"194\" srcset=\"https:\/\/www.saengerkranz-alfdorf.de\/wp-content\/uploads\/2016\/02\/Fahnenweihe-9.8.1863-300x194.jpg 300w, https:\/\/www.saengerkranz-alfdorf.de\/wp-content\/uploads\/2016\/02\/Fahnenweihe-9.8.1863.jpg 528w\" sizes=\"auto, (max-width: 300px) 100vw, 300px\" \/><\/a><p id=\"caption-attachment-703\" class=\"wp-caption-text\"><strong>Fahnenweihe am 9. August 1863<\/strong><\/p><\/div>\n<p><a href=\"https:\/\/www.saengerkranz-alfdorf.de\/wp-content\/uploads\/2016\/02\/Programm-Fahnenweihe.jpg\" rel=\"attachment wp-att-709\"><img loading=\"lazy\" decoding=\"async\" class=\"size-medium wp-image-709 aligncenter\" src=\"https:\/\/www.saengerkranz-alfdorf.de\/wp-content\/uploads\/2016\/02\/Programm-Fahnenweihe-230x300.jpg\" alt=\"Programm Fahnenweihe\" width=\"230\" height=\"300\" srcset=\"https:\/\/www.saengerkranz-alfdorf.de\/wp-content\/uploads\/2016\/02\/Programm-Fahnenweihe-230x300.jpg 230w, https:\/\/www.saengerkranz-alfdorf.de\/wp-content\/uploads\/2016\/02\/Programm-Fahnenweihe-768x1003.jpg 768w, https:\/\/www.saengerkranz-alfdorf.de\/wp-content\/uploads\/2016\/02\/Programm-Fahnenweihe-784x1024.jpg 784w, https:\/\/www.saengerkranz-alfdorf.de\/wp-content\/uploads\/2016\/02\/Programm-Fahnenweihe.jpg 914w\" sizes=\"auto, (max-width: 230px) 100vw, 230px\" \/><\/a><\/p>\n<p>Die Fahne wurde von der K\u00f6niglichen Hofgoldstickerei Horn in Stuttgart hergestellt und kostete 122 Gulden und 12 Kreuzer, die durch Stiftungen aufgebracht wurden. Leider wurde sie 1904 ein Raub der Flammen.<\/p>\n<div id=\"attachment_701\" style=\"width: 310px\" class=\"wp-caption aligncenter\"><a href=\"https:\/\/www.saengerkranz-alfdorf.de\/wp-content\/uploads\/2016\/02\/1898.jpg\" rel=\"attachment wp-att-701\"><img loading=\"lazy\" decoding=\"async\" aria-describedby=\"caption-attachment-701\" class=\"size-medium wp-image-701\" src=\"https:\/\/www.saengerkranz-alfdorf.de\/wp-content\/uploads\/2016\/02\/1898-300x197.jpg\" alt=\"40j\u00e4hrige Jubiliam 1898\" width=\"300\" height=\"197\" srcset=\"https:\/\/www.saengerkranz-alfdorf.de\/wp-content\/uploads\/2016\/02\/1898-300x197.jpg 300w, https:\/\/www.saengerkranz-alfdorf.de\/wp-content\/uploads\/2016\/02\/1898.jpg 652w\" sizes=\"auto, (max-width: 300px) 100vw, 300px\" \/><\/a><p id=\"caption-attachment-701\" class=\"wp-caption-text\"><strong>40j\u00e4hriges Jubil\u00e4um 1898<\/strong><\/p><\/div>\n<p>Ein Tief durchlebte der Verein zwischen 1908 und 1920. Es fand sich kein Dirigent und mit der Fortdauer des 1. Weltkrieges fehlte es auch an S\u00e4ngern.\u00a0 In der Vereinschronik befindet sich von 1910 &#8211; 1919 eine weitere L\u00fccke. Nach alten Zeitungsberichten tat sich in dieser Zeit beim S\u00e4ngerkranz auch sehr wenig:<\/p>\n<p>&#8222;Getrunken wurde viel &#8211; gesungen nicht&#8230;.&#8220; die Vereinskasse soll bei einem flotten, z\u00fcnftigen Fastnachtsball verjubelt worden sein. Offenbar war die Musikkapelle sehr teuer, denn es waren trinkfeste Leute&#8220;.<\/p>\n<p>In der anschlie\u00dfenden Inflationszeit stiegen die Geh\u00e4lter schlie\u00dflich ins Unermessliche, der Dirigent wurde letztlich mit 2\u00a0\u00bd Zentner Weizen entlohnt.<\/p>\n<p>1924 leistete sich der Verein eine neue Fahne um 540,&#8211; Mark.<\/p>\n<p>Am 11. Mai konnte sie, zusammen mit der Fahne des 1920 gegr\u00fcndeten Turnvereins, geweiht werden.<em><strong> &#8222;Sind wir von der Arbeit m\u00fcde, bleibt noch Kraft zu einem Liede&#8220;<\/strong>,<\/em> steht auf dem Banner zu lesen. Sie ist noch heute das Wahrzeichen unseres Vereins.<\/p>\n<div id=\"attachment_718\" style=\"width: 310px\" class=\"wp-caption aligncenter\"><a href=\"https:\/\/www.saengerkranz-alfdorf.de\/wp-content\/uploads\/2016\/02\/IMG_3652-1.jpg\" rel=\"attachment wp-att-718\"><img loading=\"lazy\" decoding=\"async\" aria-describedby=\"caption-attachment-718\" class=\"size-medium wp-image-718\" src=\"https:\/\/www.saengerkranz-alfdorf.de\/wp-content\/uploads\/2016\/02\/IMG_3652-1-300x257.jpg\" alt=\"Die neue Vereinsfahne\" width=\"300\" height=\"257\" srcset=\"https:\/\/www.saengerkranz-alfdorf.de\/wp-content\/uploads\/2016\/02\/IMG_3652-1-300x257.jpg 300w, https:\/\/www.saengerkranz-alfdorf.de\/wp-content\/uploads\/2016\/02\/IMG_3652-1-768x657.jpg 768w, https:\/\/www.saengerkranz-alfdorf.de\/wp-content\/uploads\/2016\/02\/IMG_3652-1-1024x876.jpg 1024w\" sizes=\"auto, (max-width: 300px) 100vw, 300px\" \/><\/a><p id=\"caption-attachment-718\" class=\"wp-caption-text\"><strong>Die neue Vereinsfahne<\/strong><\/p><\/div>\n<p><a href=\"https:\/\/www.saengerkranz-alfdorf.de\/wp-content\/uploads\/2016\/02\/IMG_3650.jpg\" rel=\"attachment wp-att-719\"><img loading=\"lazy\" decoding=\"async\" class=\"size-medium wp-image-719 aligncenter\" src=\"https:\/\/www.saengerkranz-alfdorf.de\/wp-content\/uploads\/2016\/02\/IMG_3650-300x280.jpg\" alt=\"IMG_3650\" width=\"300\" height=\"280\" srcset=\"https:\/\/www.saengerkranz-alfdorf.de\/wp-content\/uploads\/2016\/02\/IMG_3650-300x280.jpg 300w, https:\/\/www.saengerkranz-alfdorf.de\/wp-content\/uploads\/2016\/02\/IMG_3650-768x716.jpg 768w, https:\/\/www.saengerkranz-alfdorf.de\/wp-content\/uploads\/2016\/02\/IMG_3650-1024x954.jpg 1024w\" sizes=\"auto, (max-width: 300px) 100vw, 300px\" \/><\/a><\/p>\n<p>Selbstverst\u00e4ndlich wurde im November 1927 die Einweihung der Turn-Festhalle des Turnvereins mitgestaltet. Die Teilnahme an S\u00e4ngerfesten des Silchergau und des Schw\u00e4bischen S\u00e4ngerbundes zeigte bereits eine beachtliche H\u00f6he der Darbietungen.<\/p>\n<p>Ein Grund f\u00fcr frohe Festtage war nat\u00fcrlich das 75 j\u00e4hrige Vereinsjubil\u00e4um 1933, wobei es auch an markigen Reden der damaligen Zeit nicht fehlte<\/p>\n<div id=\"attachment_704\" style=\"width: 310px\" class=\"wp-caption aligncenter\"><a href=\"https:\/\/www.saengerkranz-alfdorf.de\/wp-content\/uploads\/2016\/02\/Scan.jpg\" rel=\"attachment wp-att-704\"><img loading=\"lazy\" decoding=\"async\" aria-describedby=\"caption-attachment-704\" class=\"size-medium wp-image-704\" src=\"https:\/\/www.saengerkranz-alfdorf.de\/wp-content\/uploads\/2016\/02\/Scan-300x199.jpg\" alt=\"75-j\u00e4hriges Vereinsjubil\u00e4um\" width=\"300\" height=\"199\" srcset=\"https:\/\/www.saengerkranz-alfdorf.de\/wp-content\/uploads\/2016\/02\/Scan-300x199.jpg 300w, https:\/\/www.saengerkranz-alfdorf.de\/wp-content\/uploads\/2016\/02\/Scan.jpg 648w\" sizes=\"auto, (max-width: 300px) 100vw, 300px\" \/><\/a><p id=\"caption-attachment-704\" class=\"wp-caption-text\"><strong>75-j\u00e4hriges Vereinsjubil\u00e4um<\/strong><\/p><\/div>\n<p>W\u00e4hrend des 2. Weltkrieges ruhte das aktive Vereinsleben. F\u00fcnf aktive S\u00e4nger sind nicht mehr heimgekehrt.<\/p>\n<p>Bei der Neugr\u00fcndung der &#8222;S\u00e4ngervereinigung Welzheimer Wald&#8220; im Februar 1950 war der Verein zur Stelle, ebenso im Juli bei der f\u00fcr das Kulturleben in Alfdorf so wichtigen Gr\u00fcndungsfeier des Musikvereins.<\/p>\n<p>1958 konnte der Verein seinen 100. Geburtstag feiern, ein seltenes Fest, sich trotz zweier Kriege und politischer Wirren immer wieder aufzurappeln und am Leben zu bleiben!<\/p>\n<div id=\"attachment_712\" style=\"width: 310px\" class=\"wp-caption aligncenter\"><a href=\"https:\/\/www.saengerkranz-alfdorf.de\/wp-content\/uploads\/2016\/01\/100j\u00e4jriges-Jubil\u00e4um.jpg\" rel=\"attachment wp-att-712\"><img loading=\"lazy\" decoding=\"async\" aria-describedby=\"caption-attachment-712\" class=\"size-medium wp-image-712\" src=\"https:\/\/www.saengerkranz-alfdorf.de\/wp-content\/uploads\/2016\/01\/100j\u00e4jriges-Jubil\u00e4um-300x208.jpg\" alt=\"100-j\u00e4hriges Jubil\u00e4um\" width=\"300\" height=\"208\" srcset=\"https:\/\/www.saengerkranz-alfdorf.de\/wp-content\/uploads\/2016\/01\/100j\u00e4jriges-Jubil\u00e4um-300x208.jpg 300w, https:\/\/www.saengerkranz-alfdorf.de\/wp-content\/uploads\/2016\/01\/100j\u00e4jriges-Jubil\u00e4um-768x533.jpg 768w, https:\/\/www.saengerkranz-alfdorf.de\/wp-content\/uploads\/2016\/01\/100j\u00e4jriges-Jubil\u00e4um-1024x711.jpg 1024w, https:\/\/www.saengerkranz-alfdorf.de\/wp-content\/uploads\/2016\/01\/100j\u00e4jriges-Jubil\u00e4um.jpg 1908w\" sizes=\"auto, (max-width: 300px) 100vw, 300px\" \/><\/a><p id=\"caption-attachment-712\" class=\"wp-caption-text\"><strong>100-j\u00e4hriges Jubil\u00e4um<\/strong><\/p><\/div>\n<p>Feiern und Feste kennzeichnen die n\u00e4chsten Jahre. Seit 1973 das Mitwirken beim Altennachmittag, das Ausrichten des S\u00e4ngertages &#8222;Welzheimer Wald&#8220; mit den Fischerch\u00f6ren und die Freundschaft mit vielen Gesangsvereinen der n\u00e4heren und weiteren Umgebung.<\/p>\n<p>Eine Konzertreise in die Champagne und die Mitgestaltung der 700-Jahrfeier in Pfunds (Tirol) bildeten weitere H\u00f6hepunkte, zumal die S\u00e4nger seit 1978 erstmals in einheitlicher Kleidung auftreten konnten. 1981 ging endlich der lang gehegte Wunsch in Erf\u00fcllung. Das altersschwache Klavier konnte durch einen Konzertfl\u00fcgel ersetzt werden.<\/p>\n<p>H\u00f6hepunkt des Jahres 1983 waren die Auftritte zum 125 j\u00e4hrigen Jubil\u00e4um:<\/p>\n<ul>\n<li>Im Mai mit dem Aalener Sinfonieorchester mit 600 Besuchern<\/li>\n<li>im Juli Bezirkss\u00e4ngertag mit 29 teilnehmenden Vereinen<\/li>\n<li>im Oktober die Auff\u00fchrung der &#8222;Deutschen Messe&#8220; von Schubert in der Stephanuskirche<\/li>\n<\/ul>\n<div id=\"attachment_715\" style=\"width: 310px\" class=\"wp-caption aligncenter\"><a href=\"https:\/\/www.saengerkranz-alfdorf.de\/wp-content\/uploads\/2016\/01\/img009.jpg\" rel=\"attachment wp-att-715\"><img loading=\"lazy\" decoding=\"async\" aria-describedby=\"caption-attachment-715\" class=\"size-medium wp-image-715\" src=\"https:\/\/www.saengerkranz-alfdorf.de\/wp-content\/uploads\/2016\/01\/img009-300x216.jpg\" alt=\"125-j\u00e4hriges Jubil\u00e4um\" width=\"300\" height=\"216\" srcset=\"https:\/\/www.saengerkranz-alfdorf.de\/wp-content\/uploads\/2016\/01\/img009-300x216.jpg 300w, https:\/\/www.saengerkranz-alfdorf.de\/wp-content\/uploads\/2016\/01\/img009-768x553.jpg 768w, https:\/\/www.saengerkranz-alfdorf.de\/wp-content\/uploads\/2016\/01\/img009-1024x738.jpg 1024w, https:\/\/www.saengerkranz-alfdorf.de\/wp-content\/uploads\/2016\/01\/img009.jpg 1998w\" sizes=\"auto, (max-width: 300px) 100vw, 300px\" \/><\/a><p id=\"caption-attachment-715\" class=\"wp-caption-text\"><strong>125-j\u00e4hriges Jubil\u00e4um<\/strong><\/p><\/div>\n<p>Im Herbst 1984 konnten in Budapest gemeinsam mit den &#8222;Ferenc-Erkel-Chor&#8220; und in Esztergom mit dem &#8222;Monteverdi-Chor&#8220; sch\u00f6ne Erfolge gefeiert werden. Der Erstere hatte bereits im Juli 1985 seinen Auftritt in der voll besetzten Stephanuskirche, der andere im Oktober 1987 in der Sporthalle. Vor \u00fcber 1000 Zuh\u00f6rern konnten die S\u00e4nger im M\u00e4rz 1987 bei &#8222;10 Jahre Kontaktgruppe Amsel&#8220; in Schw\u00e4bisch Gm\u00fcnd mitwirken. Zum Jubil\u00e4umskonzert &#8222;130 Jahre S\u00e4ngerkranz&#8220; spielte das Aalener Sinfonieorchester am 7. Mai 1988.<\/p>\n<div id=\"attachment_714\" style=\"width: 310px\" class=\"wp-caption aligncenter\"><a href=\"https:\/\/www.saengerkranz-alfdorf.de\/wp-content\/uploads\/2016\/01\/130j\u00e4hrige-Jubil\u00e4um.jpg\" rel=\"attachment wp-att-714\"><img loading=\"lazy\" decoding=\"async\" aria-describedby=\"caption-attachment-714\" class=\"size-medium wp-image-714\" src=\"https:\/\/www.saengerkranz-alfdorf.de\/wp-content\/uploads\/2016\/01\/130j\u00e4hrige-Jubil\u00e4um-300x225.jpg\" alt=\"130 Jahre S\u00e4ngerkranz Alfdorf\" width=\"300\" height=\"225\" srcset=\"https:\/\/www.saengerkranz-alfdorf.de\/wp-content\/uploads\/2016\/01\/130j\u00e4hrige-Jubil\u00e4um-300x225.jpg 300w, https:\/\/www.saengerkranz-alfdorf.de\/wp-content\/uploads\/2016\/01\/130j\u00e4hrige-Jubil\u00e4um-768x575.jpg 768w, https:\/\/www.saengerkranz-alfdorf.de\/wp-content\/uploads\/2016\/01\/130j\u00e4hrige-Jubil\u00e4um-1024x766.jpg 1024w\" sizes=\"auto, (max-width: 300px) 100vw, 300px\" \/><\/a><p id=\"caption-attachment-714\" class=\"wp-caption-text\"><strong>130 Jahre S\u00e4ngerkranz Alfdorf<\/strong><\/p><\/div>\n<p>2008 stand mit dem 150 j\u00e4hrigen Jubil\u00e4um ein ganz besonderes Festjahr ins Haus. Auftakt des Jubil\u00e4ums war am 19. Januar ein Konzertabend mit befreundeten Vereinen unter der Motto &#8222;Wir gratulieren dem S\u00e4ngerkranz Alfdorf zuerst&#8220;. Mit von der Partie waren der Gesangsverein Eschach, der Liederkranz Heuchlingen, der TSGV Rechberg und der Chor aus Luizhausen. Aus Hallstadt bei Bamberg reiste das\u00a0 befreundete Vokaldoppelquartett an und begeisterte mit tollen Liedbeitr\u00e4gen.<\/p>\n<p>Es folgte am 17. Oktober der Festakt zum Vereinsjubil\u00e4um, am 18. Oktober das gro\u00dfe Jubil\u00e4umskonzert mit Werken von Franz Schubert, am 19. Oktober das Konzert der S\u00e4ngervereinigung Welzheimer Wald und mit einem Adventskonzert wurde am 13. Dezember das Jubil\u00e4umsjahr in der Stephanuskirche abgeschlossen.<\/p>\n<div id=\"attachment_700\" style=\"width: 310px\" class=\"wp-caption aligncenter\"><a href=\"https:\/\/www.saengerkranz-alfdorf.de\/wp-content\/uploads\/2016\/02\/150j\u00e4hriges-Jubil\u00e4um.jpg\" rel=\"attachment wp-att-700\"><img loading=\"lazy\" decoding=\"async\" aria-describedby=\"caption-attachment-700\" class=\"size-medium wp-image-700\" src=\"https:\/\/www.saengerkranz-alfdorf.de\/wp-content\/uploads\/2016\/02\/150j\u00e4hriges-Jubil\u00e4um-300x201.jpg\" alt=\"150 j\u00e4hriges Jubil\u00e4um\" width=\"300\" height=\"201\" srcset=\"https:\/\/www.saengerkranz-alfdorf.de\/wp-content\/uploads\/2016\/02\/150j\u00e4hriges-Jubil\u00e4um-300x201.jpg 300w, https:\/\/www.saengerkranz-alfdorf.de\/wp-content\/uploads\/2016\/02\/150j\u00e4hriges-Jubil\u00e4um-768x514.jpg 768w, https:\/\/www.saengerkranz-alfdorf.de\/wp-content\/uploads\/2016\/02\/150j\u00e4hriges-Jubil\u00e4um-1024x685.jpg 1024w\" sizes=\"auto, (max-width: 300px) 100vw, 300px\" \/><\/a><p id=\"caption-attachment-700\" class=\"wp-caption-text\"><strong>150 j\u00e4hriges Jubil\u00e4um<\/strong><\/p><\/div>\n<p><a href=\"https:\/\/www.saengerkranz-alfdorf.de\/wp-content\/uploads\/2016\/01\/IMG_3939-Kopie.jpg\" rel=\"attachment wp-att-729\"><img loading=\"lazy\" decoding=\"async\" class=\"size-medium wp-image-729 aligncenter\" src=\"https:\/\/www.saengerkranz-alfdorf.de\/wp-content\/uploads\/2016\/01\/IMG_3939-Kopie-300x187.jpg\" alt=\"IMG_3939 - Kopie\" width=\"300\" height=\"187\" srcset=\"https:\/\/www.saengerkranz-alfdorf.de\/wp-content\/uploads\/2016\/01\/IMG_3939-Kopie-300x187.jpg 300w, https:\/\/www.saengerkranz-alfdorf.de\/wp-content\/uploads\/2016\/01\/IMG_3939-Kopie-768x478.jpg 768w, https:\/\/www.saengerkranz-alfdorf.de\/wp-content\/uploads\/2016\/01\/IMG_3939-Kopie-1024x637.jpg 1024w\" sizes=\"auto, (max-width: 300px) 100vw, 300px\" \/><\/a><span style=\"color: #ff0000;\">Zum Durchbl\u00e4ttern &#8211; Festschrift Jubil\u00e4um 2008 PDF-Datei<\/span> <a href=\"https:\/\/www.saengerkranz-alfdorf.de\/wp-content\/uploads\/2020\/05\/festschrift-2008.pdf\" target=\"_blank\" rel=\"noopener noreferrer\">festschrift-2008<\/a><\/p>\n<p><a href=\"https:\/\/www.saengerkranz-alfdorf.de\/wp-content\/uploads\/2015\/11\/logo.png\"><img loading=\"lazy\" decoding=\"async\" src=\"https:\/\/www.saengerkranz-alfdorf.de\/wp-content\/uploads\/2015\/11\/logo-300x135.png\" alt=\"\" class=\"aligncenter size-medium wp-image-348\" width=\"300\" height=\"135\" srcset=\"https:\/\/www.saengerkranz-alfdorf.de\/wp-content\/uploads\/2015\/11\/logo-300x135.png 300w, https:\/\/www.saengerkranz-alfdorf.de\/wp-content\/uploads\/2015\/11\/logo-1024x460.png 1024w, https:\/\/www.saengerkranz-alfdorf.de\/wp-content\/uploads\/2015\/11\/logo-848x380.png 848w, https:\/\/www.saengerkranz-alfdorf.de\/wp-content\/uploads\/2015\/11\/logo.png 1181w\" sizes=\"auto, (max-width: 300px) 100vw, 300px\" \/><\/a><\/p>\n<p>2013 wurde ein Knabenchor ins Leben gerufen. Unter der Leitung vom Dirigenten Peter Nickel hatte der Chor bereits zur Jahresfeier 2014 seinen ersten Auftritt.<\/p>\n<div id=\"attachment_727\" style=\"width: 310px\" class=\"wp-caption aligncenter\"><a href=\"https:\/\/www.saengerkranz-alfdorf.de\/wp-content\/uploads\/2016\/01\/DSC_0497.jpg\" rel=\"attachment wp-att-727\"><img loading=\"lazy\" decoding=\"async\" aria-describedby=\"caption-attachment-727\" class=\"size-medium wp-image-727\" src=\"https:\/\/www.saengerkranz-alfdorf.de\/wp-content\/uploads\/2016\/01\/DSC_0497-300x220.jpg\" alt=\"Knabenchor Auftritt 2014\" width=\"300\" height=\"220\" srcset=\"https:\/\/www.saengerkranz-alfdorf.de\/wp-content\/uploads\/2016\/01\/DSC_0497-300x220.jpg 300w, https:\/\/www.saengerkranz-alfdorf.de\/wp-content\/uploads\/2016\/01\/DSC_0497-768x563.jpg 768w, https:\/\/www.saengerkranz-alfdorf.de\/wp-content\/uploads\/2016\/01\/DSC_0497-1024x750.jpg 1024w\" sizes=\"auto, (max-width: 300px) 100vw, 300px\" \/><\/a><p id=\"caption-attachment-727\" class=\"wp-caption-text\"><strong>Knabenchor Auftritt 2014<\/strong><\/p><\/div>\n<p>Leider klappte es mit dem Nachwuchs nicht ganz so wie gew\u00fcnscht und so hat man sich entschlossen am September 2015 den Knabenchor in einen gemischten Jugenchor umzuwandeln.<\/p>\n<div id=\"attachment_731\" style=\"width: 310px\" class=\"wp-caption aligncenter\"><a href=\"https:\/\/www.saengerkranz-alfdorf.de\/wp-content\/uploads\/2016\/01\/DSC02050-Kopie.jpg\" rel=\"attachment wp-att-731\"><img loading=\"lazy\" decoding=\"async\" aria-describedby=\"caption-attachment-731\" class=\"size-medium wp-image-731\" src=\"https:\/\/www.saengerkranz-alfdorf.de\/wp-content\/uploads\/2016\/01\/DSC02050-Kopie-300x189.jpg\" alt=\"Der Jugendchor beis seinem ersten Auftritt bei der Jahresfeier 2016\" width=\"300\" height=\"189\" srcset=\"https:\/\/www.saengerkranz-alfdorf.de\/wp-content\/uploads\/2016\/01\/DSC02050-Kopie-300x189.jpg 300w, https:\/\/www.saengerkranz-alfdorf.de\/wp-content\/uploads\/2016\/01\/DSC02050-Kopie-768x483.jpg 768w, https:\/\/www.saengerkranz-alfdorf.de\/wp-content\/uploads\/2016\/01\/DSC02050-Kopie-1024x644.jpg 1024w\" sizes=\"auto, (max-width: 300px) 100vw, 300px\" \/><\/a><p id=\"caption-attachment-731\" class=\"wp-caption-text\"><strong>Der Jugendchor bei seinem ersten Auftritt bei der Jahresfeier 2016<\/strong><\/p><\/div>\n<div id=\"attachment_1399\" style=\"width: 760px\" class=\"wp-caption aligncenter\"><a href=\"https:\/\/www.saengerkranz-alfdorf.de\/wp-content\/uploads\/2018\/10\/DSC05525-.jpg\"><img loading=\"lazy\" decoding=\"async\" aria-describedby=\"caption-attachment-1399\" src=\"https:\/\/www.saengerkranz-alfdorf.de\/wp-content\/uploads\/2018\/10\/DSC05525--1024x570.jpg\" alt=\"\" class=\"size-large wp-image-1399\" width=\"750\" height=\"417\" srcset=\"https:\/\/www.saengerkranz-alfdorf.de\/wp-content\/uploads\/2018\/10\/DSC05525--1024x570.jpg 1024w, https:\/\/www.saengerkranz-alfdorf.de\/wp-content\/uploads\/2018\/10\/DSC05525--300x167.jpg 300w, https:\/\/www.saengerkranz-alfdorf.de\/wp-content\/uploads\/2018\/10\/DSC05525--768x428.jpg 768w\" sizes=\"auto, (max-width: 750px) 100vw, 750px\" \/><\/a><p id=\"caption-attachment-1399\" class=\"wp-caption-text\">160 j\u00e4hriges Jubil\u00e4um<br \/>Von Links: H. Rothweiler, O. K\u00f6ngeter, K. Barei\u00df, A. Hermann, M. Greiner, J. Kinkel, A. Barth(Vorsitzender), R. Adolf, E. Kinkel, P. Kinkel, S. Hientz(Vorsitzender), S. Schmidt, B. Jahn, Hanjo Eckstein, W. M\u00fcller, H. Bulling, A. Lakner, P. Nickel(Chorleiter), F. Josl, P. Walter, O. Strohmaier, U. Strobel, W. Barei\u00df, R. Kinkel, K. Bausch, G. J\u00fcrgens, A. Walter, M. Wolff, K. Kr\u00e4mer, T. Ritzka, H.J. Hojka, A. Strobel(Vorsitzender), F. Haas(Fahnentr\u00e4ger)<\/p><\/div>\n<p><span><span style=\"color: #ff0000;\">Zum Durchbl\u00e4ttern &#8211; Festschrift Jubil\u00e4um 2018 PDF-Datei<\/span> <a href=\"https:\/\/www.saengerkranz-alfdorf.de\/wp-content\/uploads\/2020\/05\/festschrift-2018.pdf\" target=\"_blank\" rel=\"noopener noreferrer\">festschrift-2018<\/a><br \/>\n<\/span><\/p>\n<p>Zur Geschichte geh\u00f6rt auch wenig Zukunft. Wir werden daher auch k\u00fcnftig\u00a0 am kulturellen Leben unsere Gemeinde aktiv teilnehmen und hoffen, dass sich noch viele S\u00e4nger zu uns gesellen.<\/p>\n<p><a href=\"https:\/\/www.saengerkranz-alfdorf.de\/wp-content\/uploads\/2019\/04\/S\u00e4ngerkranzLogo2.jpg\"><img loading=\"lazy\" decoding=\"async\" src=\"https:\/\/www.saengerkranz-alfdorf.de\/wp-content\/uploads\/2019\/04\/S\u00e4ngerkranzLogo2-300x135.jpg\" alt=\"\" class=\"aligncenter size-medium wp-image-1588\" width=\"300\" height=\"135\" srcset=\"https:\/\/www.saengerkranz-alfdorf.de\/wp-content\/uploads\/2019\/04\/S\u00e4ngerkranzLogo2-300x135.jpg 300w, https:\/\/www.saengerkranz-alfdorf.de\/wp-content\/uploads\/2019\/04\/S\u00e4ngerkranzLogo2-768x345.jpg 768w, https:\/\/www.saengerkranz-alfdorf.de\/wp-content\/uploads\/2019\/04\/S\u00e4ngerkranzLogo2-1024x460.jpg 1024w, https:\/\/www.saengerkranz-alfdorf.de\/wp-content\/uploads\/2019\/04\/S\u00e4ngerkranzLogo2.jpg 1181w\" sizes=\"auto, (max-width: 300px) 100vw, 300px\" \/><\/a><\/p>\n<p>&nbsp;<\/p>\n<p>&nbsp;<\/p>\n","protected":false},"excerpt":{"rendered":"<p>Willkommen bei unserer Vereinsgeschichte Schon zwischen 1830 und 1840 gab es in Alfdorf zwei lose Gesangsgruppen, die eine von \u00e4lteren und die andere von j\u00fcngeren M\u00e4nnern. Beide vereinigten\u00a0 sich schlie\u00dflich zum S\u00e4ngerkranz Alfdorf, den sie am 18. Januar 1858 gr\u00fcndeten. &#8222;Es haben wack&#8217;re M\u00e4nner zusammen sich getan zu singen munt&#8217;re [&hellip;]<\/p>\n","protected":false},"author":4,"featured_media":0,"parent":0,"menu_order":3,"comment_status":"closed","ping_status":"closed","template":"page-templates\/template-page-sidebar.php","meta":{"footnotes":""},"class_list":["post-530","page","type-page","status-publish","hentry"],"_links":{"self":[{"href":"https:\/\/www.saengerkranz-alfdorf.de\/index.php?rest_route=\/wp\/v2\/pages\/530","targetHints":{"allow":["GET"]}}],"collection":[{"href":"https:\/\/www.saengerkranz-alfdorf.de\/index.php?rest_route=\/wp\/v2\/pages"}],"about":[{"href":"https:\/\/www.saengerkranz-alfdorf.de\/index.php?rest_route=\/wp\/v2\/types\/page"}],"author":[{"embeddable":true,"href":"https:\/\/www.saengerkranz-alfdorf.de\/index.php?rest_route=\/wp\/v2\/users\/4"}],"replies":[{"embeddable":true,"href":"https:\/\/www.saengerkranz-alfdorf.de\/index.php?rest_route=%2Fwp%2Fv2%2Fcomments&post=530"}],"version-history":[{"count":5,"href":"https:\/\/www.saengerkranz-alfdorf.de\/index.php?rest_route=\/wp\/v2\/pages\/530\/revisions"}],"predecessor-version":[{"id":1769,"href":"https:\/\/www.saengerkranz-alfdorf.de\/index.php?rest_route=\/wp\/v2\/pages\/530\/revisions\/1769"}],"wp:attachment":[{"href":"https:\/\/www.saengerkranz-alfdorf.de\/index.php?rest_route=%2Fwp%2Fv2%2Fmedia&parent=530"}],"curies":[{"name":"wp","href":"https:\/\/api.w.org\/{rel}","templated":true}]}}