{"id":12,"date":"2015-11-19T08:42:14","date_gmt":"2015-11-19T07:42:14","guid":{"rendered":"http:\/\/www.kinkel-it.de\/sites\/saengerkranzalfdorf\/?page_id=12"},"modified":"2026-03-10T20:00:50","modified_gmt":"2026-03-10T19:00:50","slug":"jahresprogramm","status":"publish","type":"page","link":"https:\/\/www.saengerkranz-alfdorf.de\/?page_id=12","title":{"rendered":"Jahresprogramm"},"content":{"rendered":"<h3 style=\"text-align: left;\"><strong>Jahresprogramm 2026<\/strong><\/h3>\n<p><span style=\"color: #000000;\"><strong>Januar<br \/>\n<\/strong>05.01.2026\u00a0 \u00a085. Geburtstag<strong><br \/>\n<\/strong><\/span><strong><span style=\"color: #000000;\"><del>23.01.2026\u00a0 \u00a0Hauptversammlung, 20.00 Uhr Ratsstube<br \/>\n<\/del>(Wird verlegt, siehe Neuigkeiten)<br \/>\n<\/span><\/strong><span style=\"color: #000000;\">27.01.2026\u00a0 \u00a082. Geburtstag<\/span><strong><br \/>\n<\/strong>\u00a0\u00a0\u00a0\u00a0 <span style=\"color: #0000ff;\"><em>Montag, 26.01.2026 gemeinsame Singstunde mit <\/em><\/span><span style=\"color: #000000;\"><span style=\"color: #0000ff;\"><em>R\u00fctli in Vordersteinenberg<\/em><\/span><br \/>\n<\/span><\/p>\n<p><strong><span style=\"color: #000000;\"><\/span><\/strong><strong><span style=\"color: #000000;\"><\/span><\/strong><span style=\"color: #000000;\"><strong>Februar<\/strong><br \/>\n13.02.2026\u00a0 \u00a087. Geburtstag<strong><br \/>\n<\/strong>\u00a0 \u00a0 \u00a0<span style=\"color: #0000ff;\"><em>Donnerstag<\/em><\/span><span style=\"color: #0000ff;\"><em>, 26.02.2026 gemeinsame Singstunde mit R\u00fctli in Alfdorf<\/em><\/span><strong><br \/>\n<\/strong><\/span><\/p>\n<p><span style=\"color: #000000;\"><strong><\/strong><\/span><span style=\"color: #000000;\"><strong><\/strong><strong><\/strong><strong><\/strong><\/span><span style=\"color: #000000;\"><strong>M\u00e4rz<br \/>\n<\/strong>14. + 15.03.2026 Jahresfeier R\u00fctli, Alte Halle<br \/>\n15.03.2026\u00a0 \u00a086. Geburtstag<strong><br \/>\n<\/strong><em>\u00a0\u00a0\u00a0\u00a0 <span style=\"color: #0000ff;\">Montag, 23.03.2026 gemeinsame Singstunde mit R\u00fctli in Vordersteinenberg<\/span><\/em><strong><br \/>\n<\/strong><strong><\/strong><\/span><\/p>\n<p><span style=\"color: #000000;\"><strong>April<\/strong><br \/>\n06.04.2026\u00a0 \u00a085. Geburtstag<br \/>\n<span><strong>25.04.2026\u00a0 \u00a0Jahresfeier, Alte Halle<\/strong><\/span><br \/>\n<span><em>\u00a0 \u00a0 \u00a0 <span style=\"color: #0000ff;\">Donnerstag<\/span><\/em><span style=\"color: #0000ff;\"><em>, 30.04.2026 gemeinsame Singstunde mit R\u00fctli in Alfdorf<\/em><\/span><\/span><br \/>\n<\/span><span style=\"color: #000000;\"><strong><\/strong><\/span><\/p>\n<p><span style=\"color: #000000;\"><strong>Mai<\/strong><br \/>\n<span style=\"color: #000000;\"><strong>01.05.2026\u00a0 \u00a01. Mai Wanderung<br \/>\n<\/strong>08.05.2026\u00a0 \u00a083. Geburtstag<br \/>\n09.05.2026\u00a0 \u00a088. Geburtstag<strong><\/strong><strong><br \/>\n<\/strong><span style=\"color: #0000ff;\"><em>\u00a0 \u00a0 \u00a0Montag, 18.05.2026 gemeinsame Singstunde mit R\u00fctli in Vordersteinenberg<br \/>\n<span style=\"color: #000000;\">24.05.2026\u00a0 \u00a090. Geburtstag<\/span><\/em><\/span><strong><br \/>\n<\/strong><\/span><\/span><\/p>\n<p><span style=\"color: #000000;\"><strong><\/strong><strong><\/strong><strong><\/strong><strong><\/strong><\/span><span style=\"color: #000000;\"><strong>Juni<br \/>\n<\/strong>14.06.2026\u00a0 \u00a084. Geburtstag<br \/>\n14.06.2026\u00a0 \u00a0Salzkuchenfest-R\u00fctli<strong><br \/>\n<\/strong>\u00a0\u00a0\u00a0\u00a0\u00a0 <span style=\"color: #0000ff;\"><em>Donnerstag,<\/em><em> 25.06.2026 gemeinsame Singstunde mit R\u00fctli in Alfdorf<\/em><\/span><strong><br \/>\n<\/strong><\/span><\/p>\n<p><span style=\"color: #000000;\"><strong>Juli<\/strong><br \/>\n01.07.2026\u00a0 \u00a089. Geburtstag<strong><br \/>\n<\/strong>08.07.2026\u00a0 \u00a080. Geburtstag<strong><br \/>\n<\/strong>\u00a0\u00a0\u00a0\u00a0\u00a0<span style=\"color: #0000ff;\"><em>Montag,<\/em><\/span><span style=\"color: #0000ff;\"><em> 27.07.2026 gemeinsame Singstunde mit R\u00fctli in Vordersteinenberg<\/em><\/span><strong><\/strong><strong><br \/>\n<\/strong><\/span><\/p>\n<p><span style=\"color: #000000;\"><strong>August<br \/>\n<\/strong>04.08.2026\u00a0 \u00a080. Geburtstag<strong><br \/>\n<\/strong>11.08.2026\u00a0 \u00a0 75. Geburtstag<br \/>\n13.08.2026\u00a0 \u00a0 75. Geburtstag<\/span><span style=\"color: #000000;\"><br \/>\n<strong>Soziales Singen im Haubenwasen mit anschl. Besuch im TZ-Heim, <\/strong><br \/>\n<strong>Datum und genaue Zeiten werden noch mitgeteilt<\/strong><br \/>\n<strong>Ferienstammtische werden aktuell bekannt gegeben<\/strong><\/span><\/p>\n<p><span style=\"color: #000000;\"><strong>September<br \/>\n12.09.2026\u00a0 \u00a075. Geburtstag<\/strong><br \/>\n12.09.2026\u00a0 \u00a095. Geburtstag<br \/>\n<strong>18.09.2026\u00a0 \u00a0Tagesausflug<\/strong><br \/>\n<span style=\"color: #0000ff;\"><em>\u00a0 \u00a0 \u00a0Donnerstag, 24.09.2026 gemeinsame Singstunde mit R\u00fctli in Alfdorf<\/em><\/span><strong><\/strong><\/span><\/p>\n<p><strong><\/strong><strong><\/strong><span style=\"color: #000000;\"><strong>Oktober<\/strong><strong><br \/>\n<\/strong>04.10.2026\u00a0 \u00a092. Geburtstag<br \/>\n<strong><\/strong><strong>10.10.2026\u00a0 \u00a0Jahresfeier bei Germania Mutlangen<\/strong><span style=\"color: #0000ff;\"><em><br \/>\nMontag, 19.10.2026 gemeinsame Singstunde mit R\u00fctli in Vordersteinenberg<\/em><\/span><strong><br \/>\n<\/strong><\/span><\/p>\n<p><span style=\"color: #000000;\"><strong>November<\/strong><strong><br \/>\n<span style=\"color: #000000;\">14.11.2026\u00a0 \u00a0Lichtermarkt, Konzert in der Stephanuskirche 17.00 Uhr<br \/>\n<\/span><\/strong><span style=\"color: #000000;\">\u00a0 \u00a0 \u00a0 <\/span><span style=\"color: #0000ff;\"><em>Donnerstag,<\/em><\/span><span style=\"color: #0000ff;\"><em> 26.11.2026 gemeinsame Singstunde mit R\u00fctli in Alfdorf<\/em><\/span><del><span style=\"color: #000000;\"><\/span><\/del><del><span style=\"color: #000000;\"><\/span><\/del><strong><del><span style=\"color: #000000;\"><br \/>\n<\/span><\/del><\/strong><\/span><span style=\"color: #0000ff;\"><strong><del><\/del><\/strong><\/span><span style=\"color: #000000;\"><\/span><\/p>\n<p><strong><span style=\"color: #000000;\">Dezember<br \/>\n<\/span><\/strong><span style=\"color: #0000ff;\"><em>\u00a0 \u00a0 \u00a0Montag, 14.12.2026 gemeinsame Singstunde mit R\u00fctli in Vordersteinenberg<\/em><\/span><strong><span style=\"color: #000000;\"><br \/>\n17.12.2026\u00a0 \u00a0S\u00e4nger-Weihnacht<br \/>\n<\/span><\/strong><strong><span style=\"color: #000000;\"><\/span><\/strong><\/p>\n<p><span style=\"color: #000000;\">Vorschau 2027<\/span><\/p>\n<p><span style=\"color: #000000;\"><em>22.01.2027\u00a0 \u00a0Hauptversammlung, 20.00 Uhr Ratsstube (noch nicht best\u00e4tigt)<\/em><strong><\/strong><\/span><\/p>\n<p>\u00c4nderungen werden in den Singstunden, im Amtsblatt und, oder auf der Homepage <a href=\"https:\/\/www.saengerkranz-alfdorf.de\">www.saengerkranz-alfdorf.de<\/a> bekanntgegeben.<\/p>\n","protected":false},"excerpt":{"rendered":"<p>Jahresprogramm 2026 Januar 05.01.2026\u00a0 \u00a085. Geburtstag 23.01.2026\u00a0 \u00a0Hauptversammlung, 20.00 Uhr Ratsstube (Wird verlegt, siehe Neuigkeiten) 27.01.2026\u00a0 \u00a082. Geburtstag \u00a0\u00a0\u00a0\u00a0 Montag, 26.01.2026 gemeinsame Singstunde mit R\u00fctli in Vordersteinenberg Februar 13.02.2026\u00a0 \u00a087. Geburtstag \u00a0 \u00a0 \u00a0Donnerstag, 26.02.2026 gemeinsame Singstunde mit R\u00fctli in Alfdorf M\u00e4rz 14. + 15.03.2026 Jahresfeier R\u00fctli, Alte Halle 15.03.2026\u00a0 [&hellip;]<\/p>\n","protected":false},"author":1,"featured_media":0,"parent":0,"menu_order":13,"comment_status":"closed","ping_status":"closed","template":"page-templates\/template-page-sidebar.php","meta":{"footnotes":""},"class_list":["post-12","page","type-page","status-publish","hentry"],"_links":{"self":[{"href":"https:\/\/www.saengerkranz-alfdorf.de\/index.php?rest_route=\/wp\/v2\/pages\/12","targetHints":{"allow":["GET"]}}],"collection":[{"href":"https:\/\/www.saengerkranz-alfdorf.de\/index.php?rest_route=\/wp\/v2\/pages"}],"about":[{"href":"https:\/\/www.saengerkranz-alfdorf.de\/index.php?rest_route=\/wp\/v2\/types\/page"}],"author":[{"embeddable":true,"href":"https:\/\/www.saengerkranz-alfdorf.de\/index.php?rest_route=\/wp\/v2\/users\/1"}],"replies":[{"embeddable":true,"href":"https:\/\/www.saengerkranz-alfdorf.de\/index.php?rest_route=%2Fwp%2Fv2%2Fcomments&post=12"}],"version-history":[{"count":9,"href":"https:\/\/www.saengerkranz-alfdorf.de\/index.php?rest_route=\/wp\/v2\/pages\/12\/revisions"}],"predecessor-version":[{"id":2525,"href":"https:\/\/www.saengerkranz-alfdorf.de\/index.php?rest_route=\/wp\/v2\/pages\/12\/revisions\/2525"}],"wp:attachment":[{"href":"https:\/\/www.saengerkranz-alfdorf.de\/index.php?rest_route=%2Fwp%2Fv2%2Fmedia&parent=12"}],"curies":[{"name":"wp","href":"https:\/\/api.w.org\/{rel}","templated":true}]}}